{"id":26,"date":"2025-05-22T18:59:54","date_gmt":"2025-05-22T16:59:54","guid":{"rendered":"https:\/\/nicolaslabro2.wordpress.com\/?page_id=26"},"modified":"2025-05-22T18:59:54","modified_gmt":"2025-05-22T16:59:54","slug":"professionnels-du-btp","status":"publish","type":"page","link":"https:\/\/labroassurances.fr\/index.php\/professionnels-du-btp\/","title":{"rendered":"PROFESSIONNELS DU BTP"},"content":{"rendered":"\n<div class=\"wp-block-columns alignwide is-layout-flex wp-container-core-columns-is-layout-9d6595d7 wp-block-columns-is-layout-flex\">\n<div class=\"wp-block-column is-layout-flow wp-block-column-is-layout-flow\">\n<p class=\"has-large-font-size\"><strong>Caution de retenue de garantie<\/strong><\/p>\n\n\n\n<p>La\u00a0<strong>retenue de garantie<\/strong>\u00a0est une somme (maximum\u00a0<strong>5 %<\/strong>\u00a0du montant du march\u00e9) que le ma\u00eetre d\u2019ouvrage (client) peut retenir sur les paiements dus \u00e0 l\u2019entrepreneur, afin de couvrir d\u2019\u00e9ventuelles malfa\u00e7ons ou r\u00e9serves constat\u00e9es \u00e0 la r\u00e9ception des travaux.<\/p>\n\n\n\n<p>L&rsquo;entrepreneur peut \u00e9viter cette retenue sur ses paiements en fournissant une\u00a0<strong>caution de retenue de garantie<\/strong>\u00a0\u00e9mise par une soci\u00e9t\u00e9 d\u2019assurance. Cette caution garantit que les r\u00e9parations ou malfa\u00e7ons seront couvertes, sans que le ma\u00eetre d\u2019ouvrage ait \u00e0 retenir de l\u2019argent.<\/p>\n\n\n\n<p class=\"has-large-font-size\"><strong>Caution de soumission<\/strong><\/p>\n\n\n\n<p>Il s&rsquo;agit d&rsquo;une\u00a0<strong>garantie bancaire ou assurantielle<\/strong>\u00a0fournie par un candidat lors d\u2019un\u00a0<strong>appel d\u2019offres<\/strong>, g\u00e9n\u00e9ralement dans les\u00a0<strong>march\u00e9s publics<\/strong>.<\/p>\n<\/div>\n\n\n\n<div class=\"wp-block-column is-layout-flow wp-block-column-is-layout-flow\">\n<p class=\"has-large-font-size\"><strong>La garantie de paiement des sous-traitants<\/strong><\/p>\n\n\n\n<p>La\u00a0<strong>garantie de paiement des sous-traitants<\/strong>\u00a0est une\u00a0<strong>obligation l\u00e9gale issue de la loi du 31 d\u00e9cembre 1975<\/strong>\u00a0destin\u00e9e \u00e0 s\u00e9curiser le paiement des sous-traitants intervenant sur un march\u00e9 public ou priv\u00e9.<\/p>\n\n\n\n<p class=\"has-large-font-size\"><strong>La\u00a0garantie de remboursement d\u2019avance\u00a0(ou caution de restitution d\u2019acompte) <\/strong><\/p>\n\n\n\n<p>Il s&rsquo;agit d&rsquo;un\u00a0<strong>engagement bancaire ou assurantiel<\/strong>\u00a0permettant de garantir au ma\u00eetre d\u2019ouvrage le\u00a0<strong>remboursement d\u2019une avance vers\u00e9e<\/strong>\u00a0\u00e0 un entrepreneur ou fournisseur\u00a0<strong>en cas de d\u00e9faillance<\/strong>\u00a0de ce dernier.<\/p>\n<\/div>\n<\/div>\n\n\n\n<p><\/p>\n\n\n\n<p>L<\/p>\n","protected":false},"excerpt":{"rendered":"<p>Caution de retenue de garantie La\u00a0retenue de garantie\u00a0est une somme (maximum\u00a05 %\u00a0du montant du march\u00e9) que le ma\u00eetre d\u2019ouvrage (client) peut retenir sur les paiements dus \u00e0 l\u2019entrepreneur, afin de couvrir d\u2019\u00e9ventuelles malfa\u00e7ons ou r\u00e9serves constat\u00e9es \u00e0 la r\u00e9ception des travaux. L&rsquo;entrepreneur peut \u00e9viter cette retenue sur ses paiements en fournissant une\u00a0caution de retenue de&#8230;<\/p>\n","protected":false},"author":1,"featured_media":150,"parent":0,"menu_order":0,"comment_status":"closed","ping_status":"closed","template":"","meta":{"_kad_post_transparent":"","_kad_post_title":"","_kad_post_layout":"","_kad_post_sidebar_id":"","_kad_post_content_style":"","_kad_post_vertical_padding":"","_kad_post_feature":"","_kad_post_feature_position":"","_kad_post_header":false,"_kad_post_footer":false,"footnotes":""},"class_list":["post-26","page","type-page","status-publish","has-post-thumbnail","hentry"],"_links":{"self":[{"href":"https:\/\/labroassurances.fr\/index.php\/wp-json\/wp\/v2\/pages\/26","targetHints":{"allow":["GET"]}}],"collection":[{"href":"https:\/\/labroassurances.fr\/index.php\/wp-json\/wp\/v2\/pages"}],"about":[{"href":"https:\/\/labroassurances.fr\/index.php\/wp-json\/wp\/v2\/types\/page"}],"author":[{"embeddable":true,"href":"https:\/\/labroassurances.fr\/index.php\/wp-json\/wp\/v2\/users\/1"}],"replies":[{"embeddable":true,"href":"https:\/\/labroassurances.fr\/index.php\/wp-json\/wp\/v2\/comments?post=26"}],"version-history":[{"count":1,"href":"https:\/\/labroassurances.fr\/index.php\/wp-json\/wp\/v2\/pages\/26\/revisions"}],"predecessor-version":[{"id":161,"href":"https:\/\/labroassurances.fr\/index.php\/wp-json\/wp\/v2\/pages\/26\/revisions\/161"}],"wp:featuredmedia":[{"embeddable":true,"href":"https:\/\/labroassurances.fr\/index.php\/wp-json\/wp\/v2\/media\/150"}],"wp:attachment":[{"href":"https:\/\/labroassurances.fr\/index.php\/wp-json\/wp\/v2\/media?parent=26"}],"curies":[{"name":"wp","href":"https:\/\/api.w.org\/{rel}","templated":true}]}}